{"id":19,"date":"2018-07-18T12:24:47","date_gmt":"2018-07-18T10:24:47","guid":{"rendered":"https:\/\/www.gabeszszoft.hu\/?page_id=19"},"modified":"2018-07-18T12:24:47","modified_gmt":"2018-07-18T10:24:47","slug":"kezdolap","status":"publish","type":"page","link":"https:\/\/www.gabeszszoft.hu\/","title":{"rendered":"Kezd\u0151lap"},"content":{"rendered":"<p>\u00dcdv\u00f6zlet Emberke! Ez az a kezd\u0151oldal, amellyel &#8211; \u00e1ltal\u00e1ban &#8211; a honlapot felkeres\u0151 l\u00e1togat\u00f3k legels\u0151k\u00e9nt tal\u00e1lkoznak.<\/p>\n","protected":false},"excerpt":{"rendered":"<p>\u00dcdv\u00f6zlet Emberke! Ez az a kezd\u0151oldal, amellyel &#8211; \u00e1ltal\u00e1ban &#8211; a honlapot felkeres\u0151 l\u00e1togat\u00f3k legels\u0151k\u00e9nt tal\u00e1lkoznak.<\/p>\n","protected":false},"author":1,"featured_media":0,"parent":0,"menu_order":0,"comment_status":"closed","ping_status":"closed","template":"","meta":{"footnotes":""},"class_list":["post-19","page","type-page","status-publish","hentry"],"_links":{"self":[{"href":"https:\/\/www.gabeszszoft.hu\/index.php?rest_route=\/wp\/v2\/pages\/19","targetHints":{"allow":["GET"]}}],"collection":[{"href":"https:\/\/www.gabeszszoft.hu\/index.php?rest_route=\/wp\/v2\/pages"}],"about":[{"href":"https:\/\/www.gabeszszoft.hu\/index.php?rest_route=\/wp\/v2\/types\/page"}],"author":[{"embeddable":true,"href":"https:\/\/www.gabeszszoft.hu\/index.php?rest_route=\/wp\/v2\/users\/1"}],"replies":[{"embeddable":true,"href":"https:\/\/www.gabeszszoft.hu\/index.php?rest_route=%2Fwp%2Fv2%2Fcomments&post=19"}],"version-history":[{"count":0,"href":"https:\/\/www.gabeszszoft.hu\/index.php?rest_route=\/wp\/v2\/pages\/19\/revisions"}],"wp:attachment":[{"href":"https:\/\/www.gabeszszoft.hu\/index.php?rest_route=%2Fwp%2Fv2%2Fmedia&parent=19"}],"curies":[{"name":"wp","href":"https:\/\/api.w.org\/{rel}","templated":true}]}}